{"id":143,"date":"2016-08-24T14:18:58","date_gmt":"2016-08-24T14:18:58","guid":{"rendered":"http:\/\/www.muza.unizg.hr\/english\/?page_id=143"},"modified":"2025-10-17T06:44:06","modified_gmt":"2025-10-17T06:44:06","slug":"erasmus","status":"publish","type":"page","link":"http:\/\/www.muza.unizg.hr\/english\/erasmus\/","title":{"rendered":"ERASMUS +"},"content":{"rendered":"<div id=\"k-make-tabs-yFJ673vBVj81\" class=\"tab-content\" data-ul-class=\"nav\" data-ul-style=\"nav-tabs\" data-ul-justify=\"nav-justified\">\n<div id=\"kUAE8Oq8Zjf8\" class=\"tab-pane fade\" data-label=\"ERASMUS+\">\n<table style=\"width: 114.429%; height: 40px;\" width=\"597\">\n<tbody>\n<tr>\n<td style=\"text-align: center;\" width=\"597\"><strong>University of Zagreb Academy of Music<\/strong><\/td>\n<\/tr>\n<\/tbody>\n<\/table>\n<p>&nbsp;<\/p>\n<table width=\"721\">\n<tbody>\n<tr>\n<td width=\"145\">Name<\/td>\n<td width=\"576\">University of Zagreb Academy of Music<\/td>\n<\/tr>\n<tr>\n<td width=\"145\">Address<\/td>\n<td width=\"576\">Trg Republike Hrvatske 12, 10000 Zagreb, Croatia<\/td>\n<\/tr>\n<tr>\n<td width=\"145\">Erasmus code<\/td>\n<td width=\"576\">HR ZAGREB01<\/td>\n<\/tr>\n<tr>\n<td width=\"145\">Website<\/td>\n<td width=\"576\"><u>www.muza.unizg.hr<\/u><\/td>\n<\/tr>\n<tr>\n<td width=\"145\">Level of study<\/td>\n<td width=\"576\">MA Integrated study (levels BA, MA)<\/td>\n<\/tr>\n<tr>\n<td width=\"145\">Short description<\/td>\n<td width=\"576\">University of Zagreb Academy of Music is the largest and oldest higher musical institution in Croatia. It is the direct successor of the Croatian Music Institute music school which was founded in 1829. At the turn of the 20th century the school became the conservatory, and in 1921 it was renamed to Royal Academy of Music. It has been a constituent unit of the University of Zagreb since 1979. Many renowned artists and educators have studied and worked at the Academy of Music in Zagreb. Through their efforts at home and abroad they have confirmed and strengthened the reputation of the Academy and its high level of excellence in music education.<\/p>\n<p><a href=\"http:\/\/www.muza.unizg.hr\/english\/about-the-academy\/\"><u>http:\/\/www.muza.unizg.hr\/english\/about-the-academy\/<\/u><\/a><\/td>\n<\/tr>\n<tr>\n<td width=\"145\">Study programmes<\/td>\n<td width=\"576\"><a href=\"http:\/\/www.muza.unizg.hr\/english\/integrated-university-undergraduate-graduate-studies\/\"><u>http:\/\/www.muza.unizg.hr\/english\/integrated-university-undergraduate-graduate-studies\/<\/u><\/a><\/td>\n<\/tr>\n<tr>\n<td width=\"145\">Academic calendar<\/p>\n<p>2025\/26<\/td>\n<td width=\"576\">Winter semester: October 6th 2025 &#8211; February 21st 2026<\/p>\n<p>Summer semester: February 23rd 2026 &#8211; July 10th 2026<\/td>\n<\/tr>\n<tr>\n<td width=\"145\">Language of instruction<\/td>\n<td width=\"576\">Croatian and English<\/p>\n<p>English requirements &#8211; B2 CEFR<\/td>\n<\/tr>\n<tr>\n<td width=\"145\">Application guidelines<\/td>\n<td width=\"576\">Incoming students must be officially nominated by the International office of their home institution; The nomination and the application must be submitted through University of Zagreb <a href=\"http:\/\/www.unizg.hr\/homepage\/international-exchange\/exchange-students\/how-to-apply\/\"><u>http:\/\/www.unizg.hr\/homepage\/international-exchange\/exchange-students\/how-to-apply\/ <\/u><\/a><\/td>\n<\/tr>\n<tr>\n<td width=\"145\">Nomination Deadlines<\/td>\n<td width=\"576\">May 1st 2025 for Winter semester and Academic year<\/p>\n<p>November 1st 2025 for Summer semester<\/td>\n<\/tr>\n<tr>\n<td width=\"145\">Application Deadlines<\/td>\n<td width=\"576\">May 15th 2025 for Winter semester and Academic year<\/p>\n<p>November 15th 2025 for Summer semester<\/td>\n<\/tr>\n<tr>\n<td width=\"145\">Application Documents<\/td>\n<td width=\"576\">&#8211; CV (in Croatian or English)<\/p>\n<p>&#8211; Learning Agreement on OLA <a href=\"https:\/\/learning-agreement.eu\/\"><u>https:\/\/learning-agreement.eu\/ <\/u><\/a><\/p>\n<p>&#8211; Transcript of Records<\/p>\n<p>&#8211; Certificate of Enrolment<\/p>\n<p>&#8211; Copy of the ID card (both sides) \/ Passport (first page with the photo and personal data)<\/p>\n<p>&#8211; Proof of English knowledge if you are following courses in English \u2013 B2 level CEFR<\/p>\n<p>&#8211; Video recording of your performance (link on YouTube or Dropbox)<\/td>\n<\/tr>\n<tr>\n<td width=\"145\">Courses Catalogue<\/td>\n<td width=\"576\">The selection of courses in your Learning Agremeent must be approved by your home institution Course catalogue is available on<\/p>\n<p><a href=\"https:\/\/www.isvu.hr\/visokaucilista\/en\/podaci\/1349\/nastavniprogram\/2022\/razina\/5\/izvedba\/R\"><u>https:\/\/www.isvu.hr\/visokaucilista\/en\/podaci\/1349\/nastavniprogram\/2022\/razina\/5\/izvedba\/R<\/u><\/a><\/td>\n<\/tr>\n<tr>\n<td width=\"145\">Erasmus coordinator<\/td>\n<td width=\"576\">Ema Proso \u0160epec <a href=\"&#109;a&#x69;l&#x74;&#111;&#x3a;&#115;&#x75;&#114;a&#x64;n&#x6a;&#97;&#x40;&#109;&#x75;&#122;&#x61;&#46;u&#x6e;i&#x7a;&#103;&#x2e;&#104;&#x72;\"><u>&#x73;&#x75;&#114;&#97;&#100;n&#x6a;&#x61;&#x40;&#109;&#117;za&#x2e;&#x75;&#x6e;&#105;&#122;g&#x2e;&#x68;&#x72; <\/u><\/a><\/td>\n<\/tr>\n<tr>\n<td width=\"145\">ECTS coordinator<\/td>\n<td width=\"576\">doc. art. Danijel Legin<a href=\"mail&#116;&#111;&#58;&#101;&#99;&#116;&#115;&#x40;&#x6d;&#x75;&#x7a;&#x61;&#x2e;&#x75;&#x6e;&#x69;zg&#46;h&#114;\"> <u>&#101;&#99;&#x74;&#x73;&#64;&#109;&#x75;&#x7a;&#97;&#46;&#x75;&#x6e;&#105;&#122;&#x67;&#x2e;&#104;&#114;<\/u><\/a><\/td>\n<\/tr>\n<tr>\n<td width=\"145\">Accommodation<\/td>\n<td width=\"576\"><a href=\"https:\/\/www.sczg.unizg.hr\/informacije\/general-information\"><u>https:\/\/www.sczg.unizg.hr\/informacije\/general-information<\/u><\/a><\/td>\n<\/tr>\n<tr>\n<td width=\"145\">Buddy support<\/td>\n<td width=\"576\">Erasmus Student Network Zagreb offers buddy support to incoming students <a href=\"https:\/\/www.esnzagreb.hr\"><u>www.esnzagreb.hr<\/u><\/a> <a href=\"https:\/\/www.facebook.com\/esnzagreb\"><u>https:\/\/www.facebook.com\/esnzagreb<\/u><\/a><\/td>\n<\/tr>\n<tr>\n<td width=\"145\">Practical Information<\/td>\n<td width=\"576\"><a href=\"http:\/\/www.unizg.hr\/homepage\/international-exchange\/exchange-students\/living-studying-inzagreb\/\"><u>http:\/\/www.unizg.hr\/homepage\/international-exchange\/exchange-students\/living-studying-inzagreb\/<\/u><\/a><\/td>\n<\/tr>\n<\/tbody>\n<\/table>\n<p>&nbsp;<\/p>\n<\/div><div id=\"KkdjkAs0KxT9\" class=\"tab-pane fade\" data-label=\"PARTNER INSTITUTIONS\">\n<p><strong>ERASMUS+ and SEMP partner institutions<\/strong><\/p>\n<p>Active Erasmus+ and SEMP agreements (for the mobilities from academic year 2026\/27 to 2028\/29)<\/p>\n<p><strong>Austria<\/strong>:<\/p>\n<ul>\n<li>mdw &#8211; Universit\u00e4t f\u00fcr Musik und darstellende Kunst Wien <a href=\"https:\/\/www.mdw.ac.at\/\">https:\/\/www.mdw.ac.at\/<\/a><\/li>\n<li>MUK &#8211; Musik und Kunst Privatuniversit\u00e4t der Stadt Wien <a href=\"https:\/\/muk.ac.at\/\">https:\/\/muk.ac.at\/<\/a><\/li>\n<li>KUG &#8211; Universit\u00e4t f\u00fcr Musik und darstellende Kunst Graz <a href=\"https:\/\/www.kug.ac.at\/\">https:\/\/www.kug.ac.at\/<\/a><\/li>\n<li>Universit\u00e4t Mozarteum Salzburg <a href=\"https:\/\/moz.ac.at\/\">https:\/\/moz.ac.at\/<\/a><\/li>\n<li>Gustav Mahler Privatuniversit\u00e4t f\u00fcr Musik Klagenfurt <a href=\"https:\/\/www.gmpu.ac.at\/\">https:\/\/www.gmpu.ac.at\/<\/a><\/li>\n<li>Joseph Haydn Privathochschule des Landes Burgenland <a href=\"https:\/\/jhp.ac.at\/\">https:\/\/jhp.ac.at\/<\/a><\/li>\n<\/ul>\n<p><strong>Belgium<\/strong>:<\/p>\n<ul>\n<li>Conservatoire royale de Bruxelles <a href=\"http:\/\/www.conservatoire.be\/en\/\">http:\/\/www.conservatoire.be\/en\/<\/a><\/li>\n<li>Royal Conservatoire Antwerp <a href=\"https:\/\/www.ap-arts.be\/en\/royal-conservatoire-antwerp\">https:\/\/www.ap-arts.be\/en\/royal-conservatoire-antwerp<\/a><\/li>\n<\/ul>\n<p><strong>Bulgaria:<\/strong><\/p>\n<ul>\n<li>Natsionalna muzikalna akademia &#8216;Dr. Pancho Vladigerov&#8217; Sofia <a href=\"https:\/\/nma.bg\/\">https:\/\/nma.bg\/<\/a><\/li>\n<\/ul>\n<p><strong>Czech Republic:<\/strong><\/p>\n<ul>\n<li>HAMU &#8211; Akademie Muzickych Umeni v Praze <a href=\"https:\/\/www.hamu.cz\/en\/\">https:\/\/www.hamu.cz\/en\/<\/a><\/li>\n<li>Fakulta um\u011bn\u00ed Ostravsk\u00e1 univerzita Ostrava <a href=\"https:\/\/fu.osu.eu\/\">https:\/\/fu.osu.eu\/<\/a><\/li>\n<\/ul>\n<p><strong>Denmark:<\/strong><\/p>\n<p>&#8211; The Royal Danish Academy of Music in Copenhagen <a href=\"https:\/\/www.dkdm.dk\/en\">https:\/\/www.dkdm.dk\/en<\/a><\/p>\n<p><strong>Estonia:<\/strong><\/p>\n<ul>\n<li>Estonian Academy of Music and Theatre Tallin <a href=\"https:\/\/eamt.ee\/en\/\">https:\/\/eamt.ee\/en\/<\/a><\/li>\n<\/ul>\n<p><strong>Finland<\/strong>:<\/p>\n<ul>\n<li>Taideyliopisto Sibelius-Akatemia (Helsinki) <a href=\"https:\/\/www.uniarts.fi\/en\/units\/sibelius-academy\/\">https:\/\/www.uniarts.fi\/en\/units\/sibelius-academy\/<\/a><\/li>\n<\/ul>\n<p>Greece:<\/p>\n<ul>\n<li>University of Macedonia Thessaloniki <a href=\"https:\/\/www.uom.gr\/en\/msa\">https:\/\/www.uom.gr\/en\/msa<\/a><\/li>\n<\/ul>\n<p><strong>Italy<\/strong>:<\/p>\n<ul>\n<li>Conservatorio di Musica \u2018Giuseppe Tartini\u2019 di Trieste <a href=\"https:\/\/conts.it\/\">https:\/\/conts.it\/<\/a><\/li>\n<li>Civica Scuola di Musica Claudio Abbado Fondazione Milano <a href=\"https:\/\/musica.fondazionemilano.eu\/\">https:\/\/musica.fondazionemilano.eu\/<\/a><\/li>\n<li>Conservatorio di Musica &#8216;Arrigo Boito&#8217; Parma <a href=\"https:\/\/www.conservatorio.pr.it\/\">https:\/\/www.conservatorio.pr.it\/<\/a><\/li>\n<li>Conservatorio di Musica &#8216;Benedetto Marcello&#8217; Venezia <a href=\"https:\/\/www.conservatoriovenezia.eu\/\">https:\/\/www.conservatoriovenezia.eu\/<\/a><\/li>\n<li>Istituto superiore di studi musicali Giuseppe Verdi Ravenna <a href=\"https:\/\/www.verdiravenna.it\/\">https:\/\/www.verdiravenna.it\/<\/a><\/li>\n<li>Conservatorio di Musica \u2018Cesare Pollini\u2019 Padova <a href=\"https:\/\/www.conservatoriopollini.it\/\">https:\/\/www.conservatoriopollini.it\/<\/a><\/li>\n<li>Universit\u00e0 degli studi di Pavia, Dipartimento di Musicologia e Beni Culturali <a href=\"https:\/\/mbc.dip.unipv.it\/\">https:\/\/mbc.dip.unipv.it\/<\/a><\/li>\n<li>Conservatorio Statale di Musica di Roma \u201cSanta Cecilia\u201d <a href=\"https:\/\/conservatoriosantacecilia.it\/\">https:\/\/conservatoriosantacecilia.it\/<\/a><\/li>\n<\/ul>\n<p><strong>Latvia:<\/strong><\/p>\n<ul>\n<li>Jazeps Vitols Latvian Academy of Music Riga <a href=\"https:\/\/www.jvlma.lv\/en\">https:\/\/www.jvlma.lv\/en<\/a><\/li>\n<\/ul>\n<p><strong>Litvania:<\/strong><\/p>\n<ul>\n<li>Lithuanian Academy of Music and Theatre Vilnius <a href=\"https:\/\/lmta.lt\/en\/\">https:\/\/lmta.lt\/en\/<\/a><\/li>\n<\/ul>\n<p><strong>Hungary<\/strong>:<\/p>\n<ul>\n<li>Liszt Ferenc Academy of Music &#8211; Zeneakad\u00e9mia <a href=\"https:\/\/uni.lisztacademy.hu\/\">https:\/\/uni.lisztacademy.hu\/<\/a><\/li>\n<\/ul>\n<p><strong>Netherlands<\/strong>:<\/p>\n<ul>\n<li>Conservatorium van Amsterdam <a href=\"https:\/\/www.conservatoriumvanamsterdam.nl\/\">https:\/\/www.conservatoriumvanamsterdam.nl\/<\/a><\/li>\n<li>HKU University of the Arts Utrecht <a href=\"https:\/\/www.hku.nl\/en\/home\">https:\/\/www.hku.nl\/en\/home<\/a><\/li>\n<li>Royal Conservatoire The Hague <a href=\"https:\/\/www.koncon.nl\/en\/\">https:\/\/www.koncon.nl\/en\/<\/a><\/li>\n<li>Codarts University of the Arts Rotterdam <a href=\"https:\/\/www.codarts.nl\/en\/\">https:\/\/www.codarts.nl\/en\/<\/a><\/li>\n<\/ul>\n<p><strong>\u00a0<\/strong><\/p>\n<p><strong>\u00a0<\/strong><\/p>\n<p><strong>Norway<\/strong>:<\/p>\n<ul>\n<li>UiA &#8211; University of Agder Facolty of Fine Arts Kristiansand <a href=\"https:\/\/www.uia.no\/en\/about-uia\/faculties\/faculty-of-fine-arts\">https:\/\/www.uia.no\/en\/about-uia\/faculties\/faculty-of-fine-arts<\/a><\/li>\n<\/ul>\n<p><strong>Germany<\/strong>:<\/p>\n<ul>\n<li>Hochschule f\u00fcr Musik \u2013 Johannes Gutenberg-Universit\u00e4t Mainz <a href=\"https:\/\/www.musik.uni-mainz.de\/\">https:\/\/www.musik.uni-mainz.de\/<\/a><\/li>\n<li>Hochschule f\u00fcr Musik Franz Liszt Weimar <a href=\"https:\/\/www.hfm-weimar.de\/\">https:\/\/www.hfm-weimar.de\/<\/a><\/li>\n<li>Staatliche Hochschule f\u00fcr Musik und Darstellende Kunst Stuttgart <a href=\"https:\/\/www.hmdk-stuttgart.de\/\">https:\/\/www.hmdk-stuttgart.de\/<\/a><\/li>\n<li>Hochschule f\u00fcr Musik und Tanz K\u00f6ln <a href=\"https:\/\/www.hfmt-koeln.de\/%20\">https:\/\/www.hfmt-koeln.de\/<\/a><\/li>\n<li>Staatliche Hochschule f\u00fcr Musik Trossingen <a href=\"https:\/\/www.hfm-trossingen.de\/\">https:\/\/www.hfm-trossingen.de\/<\/a><\/li>\n<li>Hochschule f\u00fcr Musik Karlsruhe <a href=\"https:\/\/www.hfm-karlsruhe.de\/\">https:\/\/www.hfm-karlsruhe.de\/<\/a><\/li>\n<li>Hochschule f\u00fcr Musik und Theater F. Mendelssohn Bartholdy Leipzig <a href=\"https:\/\/www.hmt-leipzig.de\/\">https:\/\/www.hmt-leipzig.de\/<\/a><\/li>\n<li>Hochschule f\u00fcr Musik und Theater Hamburg <a href=\"https:\/\/www.hfmt-hamburg.de\/en\/\">https:\/\/www.hfmt-hamburg.de\/en\/<\/a><\/li>\n<li>Folkwang Universit\u00e4t der K\u00fcnste Essen <a href=\"https:\/\/www.folkwang-uni.de\/en\/home\">https:\/\/www.folkwang-uni.de\/en\/home<\/a><\/li>\n<\/ul>\n<p><strong>Poland<\/strong>:<\/p>\n<ul>\n<li>Uniwersytet Muzyczny Fryderyka Chopina w Warszawie <a href=\"https:\/\/chopin.edu.pl\/\">https:\/\/chopin.edu.pl\/<\/a><\/li>\n<li>Uniwersytet Im. Adama Mickiewicza Poznan <a href=\"https:\/\/amu.edu.pl\/en\">https:\/\/amu.edu.pl\/en<\/a><\/li>\n<\/ul>\n<p><strong>Portugal<\/strong>:<\/p>\n<ul>\n<li>Universidade de \u00c9vora, Departamento de M\u00fasica Escola de Artes <a href=\"https:\/\/www.uevora.pt\/en\/\">https:\/\/www.uevora.pt\/en\/<\/a><\/li>\n<li>Universidade de Aveiro <a href=\"https:\/\/www.ua.pt\/en\/deca\/\">https:\/\/www.ua.pt\/en\/deca\/<\/a><\/li>\n<\/ul>\n<p>Romania:<\/p>\n<ul>\n<li>Akademia de Musica &#8216;Gheorghe Dima&#8217; Cluj-Napoca <a href=\"https:\/\/www.anmgd.ro\/%20\">https:\/\/www.anmgd.ro\/<\/a><\/li>\n<\/ul>\n<p><strong>Slovakia:<\/strong><\/p>\n<ul>\n<li>Akad\u00e9mia Umen\u00ed v Banskej Bystrici <a href=\"https:\/\/www.aku.sk\/en\/\">https:\/\/www.aku.sk\/en\/<\/a><\/li>\n<\/ul>\n<p><strong>Slovenia<\/strong>:<\/p>\n<ul>\n<li>Akademija za glasbo, Univerza v Ljubljani <a href=\"https:\/\/www.ag.uni-lj.si\/\">https:\/\/www.ag.uni-lj.si\/<\/a><\/li>\n<\/ul>\n<p>Serbia:<\/p>\n<ul>\n<li>Fakultet muzi\u010dke umetnosti Beograd <a href=\"https:\/\/www.fmu.bg.ac.rs\/en\/\">https:\/\/www.fmu.bg.ac.rs\/en\/<\/a><\/li>\n<li>Akademija umetnosti Novi Sad <a href=\"https:\/\/akademija.uns.ac.rs\/\">https:\/\/akademija.uns.ac.rs\/<\/a><\/li>\n<\/ul>\n<p><strong>Spain:<\/strong><\/p>\n<ul>\n<li>Escola Superior de M\u00fasica de Catalunya Barcelona <a href=\"https:\/\/www.esmuc.cat\/en\/\">https:\/\/www.esmuc.cat\/en\/<\/a><\/li>\n<li>Musikene &#8211; Centro Superior de M\u00fasica del Pa\u00eds Vasco San Sebastian <a href=\"https:\/\/musikene.eus\">https:\/\/musikene.eus<\/a><\/li>\n<li>Conservatorio Superior de M\u00fasica de Vigo <a href=\"https:\/\/www.csmvigo.com\">https:\/\/www.csmvigo.com<\/a><\/li>\n<li>Real Conservatorio Superior de M\u00fasica de Madrid <a href=\"https:\/\/rcsmm.eu\/\">https:\/\/rcsmm.eu\/<\/a><\/li>\n<li>Universidad Complutense de Madrid <a href=\"https:\/\/www.ucm.es\/\">https:\/\/www.ucm.es\/<\/a><\/li>\n<li>Conservatori Superior de M\u00fasica Joaquin Rodrigo d\u00e9 Val\u00e8ncia <a href=\"https:\/\/www.csmvalencia.es\/\">https:\/\/www.csmvalencia.es\/<\/a><\/li>\n<\/ul>\n<p><strong>Sweden<\/strong>:<\/p>\n<ul>\n<li>University of Gothenburg, Academy of Music and Drama <a href=\"https:\/\/www.gu.se\/en\/music-drama\">https:\/\/www.gu.se\/en\/music-drama<\/a><\/li>\n<\/ul>\n<p><strong>Switzerland<\/strong> &#8211; (SEMP \u2013 Swiss-European Mobility Programme)<\/p>\n<ul>\n<li>Z\u00fcrcher Hochschule der K\u00fcnste (ZHdK) (Z\u00fcrich) <a href=\"https:\/\/www.zhdk.ch\/\">https:\/\/www.zhdk.ch\/<\/a><\/li>\n<li>Haute \u00c9cole sp\u00e9cialis\u00e9e de Suisse occidentale \u2013 HEMU \u2013 Haute \u00c9cole de Musique (Lausanne) <a href=\"https:\/\/www.hemu.ch\">https:\/\/www.hemu.ch<\/a><\/li>\n<\/ul>\n<p>&nbsp;<\/p>\n<\/div>\n<\/div>\n<p>&nbsp;<\/p>\n<p>&nbsp;<\/p>\n","protected":false},"excerpt":{"rendered":"<p>&nbsp; &nbsp;<\/p>\n","protected":false},"author":1,"featured_media":0,"parent":0,"menu_order":0,"comment_status":"closed","ping_status":"closed","template":"page-fullwidth.php","meta":{"footnotes":"","_links_to":"","_links_to_target":""},"class_list":["post-143","page","type-page","status-publish","hentry"],"_links":{"self":[{"href":"http:\/\/www.muza.unizg.hr\/english\/wp-json\/wp\/v2\/pages\/143","targetHints":{"allow":["GET"]}}],"collection":[{"href":"http:\/\/www.muza.unizg.hr\/english\/wp-json\/wp\/v2\/pages"}],"about":[{"href":"http:\/\/www.muza.unizg.hr\/english\/wp-json\/wp\/v2\/types\/page"}],"author":[{"embeddable":true,"href":"http:\/\/www.muza.unizg.hr\/english\/wp-json\/wp\/v2\/users\/1"}],"replies":[{"embeddable":true,"href":"http:\/\/www.muza.unizg.hr\/english\/wp-json\/wp\/v2\/comments?post=143"}],"version-history":[{"count":19,"href":"http:\/\/www.muza.unizg.hr\/english\/wp-json\/wp\/v2\/pages\/143\/revisions"}],"predecessor-version":[{"id":650,"href":"http:\/\/www.muza.unizg.hr\/english\/wp-json\/wp\/v2\/pages\/143\/revisions\/650"}],"wp:attachment":[{"href":"http:\/\/www.muza.unizg.hr\/english\/wp-json\/wp\/v2\/media?parent=143"}],"curies":[{"name":"wp","href":"https:\/\/api.w.org\/{rel}","templated":true}]}}