{"id":183,"date":"2016-08-26T10:26:49","date_gmt":"2016-08-26T10:26:49","guid":{"rendered":"http:\/\/www.muza.unizg.hr\/english\/?page_id=183"},"modified":"2026-01-26T09:13:40","modified_gmt":"2026-01-26T09:13:40","slug":"management-and-department-heads","status":"publish","type":"page","link":"http:\/\/www.muza.unizg.hr\/english\/management-and-department-heads\/","title":{"rendered":"Management and Department Heads"},"content":{"rendered":"<div class=\"leadership-wrapper\">\n<div class=\"leadership-meta clearfix\">\n<h1 class=\"leadership-function title-median\">PROF. SR\u0110AN FILIP \u010cALDAROVI\u0106<\/h1>\n<div class=\"leadership-position\"><\/div>\n<p><a href=\"m&#97;&#105;&#x6c;&#x74;o:&#100;&#101;&#x6b;&#x61;n&#64;&#109;&#117;&#x7a;&#x61;&#46;h&#114;\">e-mail<\/a><\/p>\n<\/div>\n<\/div>\n<div class=\"leadership-wrapper\">\n<div class=\"leadership-meta clearfix\">\n<h1 class=\"leadership-function title-median\">PROF. IVANA KULJERI\u0106 <small>VICE DEAN FOR STUDENT AFFAIRS<\/small><\/h1>\n<div class=\"leadership-position\">office hours: WEDNESDAY <em>10:30-11:30 (office 421)<\/em><\/div>\n<p><a href=\"&#109;&#x61;&#x69;l&#116;&#x6f;:&#112;&#x72;o&#100;&#x65;k&#97;&#x6e;&#x2e;&#110;&#x61;&#x73;t&#97;&#x76;a&#64;&#x6d;u&#122;&#x61;&#x2e;&#104;&#x72;\">e-mail<\/a><\/p>\n<\/div>\n<\/div>\n<div class=\"leadership-wrapper\">\n<div class=\"leadership-meta clearfix\">\n<h1 class=\"leadership-function title-median\">assistant PROF. DANIJEL LEGIN <small>VICE DEAN FOR STUDY PROGRAMMES &amp; LIFELONG LEARNING<\/small><\/h1>\n<div class=\"leadership-position\">ECTS coordinator &#8211; office hours:\u00a0 WEDNESDAY <em>10:30-11:30<\/em> (office 423)<\/div>\n<p><a href=\"&#109;&#x61;&#105;&#x6c;t&#111;&#x3a;&#112;&#x72;o&#x64;e&#107;&#x61;&#110;&#x2e;s&#x74;&#x75;&#100;&#x69;j&#x69;&#64;&#109;&#x75;&#122;&#x61;&#46;&#x68;r\">e-mail<\/a><\/p>\n<\/div>\n<\/div>\n<div class=\"leadership-wrapper\">\n<div class=\"leadership-meta clearfix\">\n<h1 class=\"leadership-function title-median\">PROF. RENATA PENEZI\u0106 <small>VICE DEAN FOR INTERNATIONAL &amp; INTER INSTITUTIONAL COOPERATION<\/small><\/h1>\n<div class=\"leadership-position\">office\u00a0423<\/div>\n<p><a href=\"&#x6d;&#x61;&#x69;&#x6c;&#x74;&#x6f;&#58;&#112;&#114;&#111;deka&#x6e;&#x2e;&#x73;&#x75;&#x72;&#x61;&#100;&#110;&#106;&#97;&#64;muz&#x61;&#x2e;&#x68;&#x72;\">e-mail<\/a><\/p>\n<\/div>\n<\/div>\n<div class=\"leadership-wrapper\">\n<div class=\"leadership-meta clearfix\">\n<h1 class=\"leadership-function title-median\">prof. an\u0111elko krpan <small>VICE DEAN FOR ART AND ADMINISTRATION<\/small><\/h1>\n<div class=\"leadership-position\">office 421<\/div>\n<p><a href=\"m&#97;&#x69;&#x6c;&#x74;o&#58;&#x70;&#x72;&#x6f;d&#101;&#x6b;&#x61;&#x6e;&#46;&#117;&#x6d;&#x6a;&#x65;t&#110;&#x6f;&#x73;&#x74;&#64;&#109;&#x75;&#x7a;&#x61;&#46;&#104;&#x72;\">e-mail<\/a><\/p>\n<\/div>\n<\/div>\n<hr \/>\n<p><strong>Department heads:<\/strong><\/p>\n<p>&nbsp;<\/p>\n<table>\n<tbody>\n<tr>\n<td>Composition and Theory of Music Department<\/td>\n<td><a href=\"&#109;&#x61;&#105;&#x6c;&#116;&#x6f;&#58;&#x61;&#107;&#x6e;&#101;&#x73;&#97;&#x75;&#114;&#x65;&#107;&#x40;&#109;&#x75;&#122;&#x61;&#46;&#x75;&#110;&#x69;z&#x67;&#46;&#x68;r\">prof.art. Ante Kne\u0161aurek<\/a><\/td>\n<\/tr>\n<tr>\n<td>Musicology\u00a0Department<\/td>\n<td><a href=\"&#x6d;&#x61;&#105;&#108;to&#x3a;&#x6a;&#x76;&#117;ko&#x62;&#x72;&#x61;&#116;&#111;v&#x69;&#x63;&#x40;&#109;&#117;z&#x61;&#x2e;&#x75;&#110;&#105;zg&#x2e;&#x68;&#x72;\">doc. dr. sc. Jelka Vukobratovi\u0107<\/a><\/td>\n<\/tr>\n<tr>\n<td>Conducting, Percussion and Harp\u00a0Department<\/td>\n<td><a href=\"m&#97;&#x69;&#x6c;t&#111;&#x3a;&#x74;f&#97;&#x63;&#x69;n&#105;&#x40;&#x6d;u&#122;&#x61;&#x2e;h&#114;\">prof.art. Tomislav Fa\u010dini<\/a><\/td>\n<\/tr>\n<tr>\n<td>Voice\u00a0Department<\/td>\n<td><a href=\"&#109;a&#x69;l&#x74;o&#x3a;h&#x6f;r&#x76;a&#x74;&#45;&#x64;&#117;&#x6e;&#106;&#x6b;&#111;&#x40;&#109;&#x75;&#122;&#x61;&#46;u&#x6e;i&#x7a;g&#x2e;h&#x72;\" data-uw-styling-context=\"true\">prof.art. Lidija Horvat Dunjko<\/a><\/td>\n<\/tr>\n<tr>\n<td>Piano, Organ and Harpsichord\u00a0Department<\/td>\n<td><a href=\"mailto:dtikv&#105;&#99;&#97;&#64;&#109;&#117;&#122;&#97;&#46;&#117;&#110;&#105;&#122;&#103;&#46;&#x68;&#x72;\" data-uw-styling-context=\"true\">prof.art. \u0110uro Tikvica<\/a><\/td>\n<\/tr>\n<tr>\n<td>String Instruments and Guitar\u00a0Department<\/td>\n<td><a href=\"&#x6d;&#x61;&#x69;&#x6c;&#x74;&#x6f;&#58;&#98;&#112;&#117;stic&#x6b;&#x69;&#x40;&#x6d;&#x75;&#x7a;&#97;&#46;&#104;&#114;\">prof.art. Branimir Pusti\u010dki<\/a><\/td>\n<\/tr>\n<tr>\n<td>Wind Instruments\u00a0Department<\/td>\n<td><a href=\"&#x6d;&#97;&#105;&#x6c;&#x74;&#111;&#58;&#x6d;&#x73;&#105;&#110;&#x63;&#x65;&#107;&#64;&#x6d;&#x75;&#122;&#97;&#x2e;&#x75;&#110;&#105;&#x7a;&#x67;&#46;&#104;&#x72;\">izv.prof. Mario \u0160incek<\/a><\/td>\n<\/tr>\n<tr>\n<td>Music Pedagogy\u00a0Department<\/td>\n<td><a href=\"&#x6d;&#x61;&#x69;&#x6c;&#x74;&#x6f;&#x3a;&#x66;&#x70;&#x65;&#x63;&#x61;&#x72;&#x69;&#x63;&#x40;&#x6d;&#x75;&#x7a;&#x61;&#x2e;&#x75;&#x6e;&#x69;&#x7a;&#x67;&#x2e;&#x68;&#x72;\">doc.art. Franjo Pe\u0107ari\u0107<\/a><\/td>\n<\/tr>\n<tr>\n<td>Head of General Studies<\/td>\n<td><a href=\"&#109;&#x61;&#x69;&#108;&#x74;&#x6f;:&#x76;&#x6b;l&#97;&#x72;i&#99;&#x40;m&#117;&#x7a;a&#46;&#x75;n&#105;&#x7a;&#x67;&#46;&#x68;&#x72;\" data-uw-styling-context=\"true\">prof. Vesna Nicole Klari\u0107, vi\u0161i predava\u010d<\/a><\/td>\n<\/tr>\n<tr>\n<td>Head of Postgraduate Studies<\/td>\n<td><a href=\"&#x6d;&#x61;&#105;l&#x74;&#x6f;&#58;mz&#x61;&#x64;&#114;o&#x40;&#x6d;&#117;&#122;a&#x2e;&#x68;&#114;\">prof.art. Martina Zadro<\/a><\/td>\n<\/tr>\n<\/tbody>\n<\/table>\n","protected":false},"excerpt":{"rendered":"<p>PROF. SR\u0110AN FILIP \u010cALDAROVI\u0106 e-mail PROF. IVANA KULJERI\u0106 VICE DEAN FOR STUDENT AFFAIRS office hours: WEDNESDAY 10:30-11:30 (office 421) e-mail assistant PROF. DANIJEL LEGIN&#8230; &nbsp; <a href=\"http:\/\/www.muza.unizg.hr\/english\/management-and-department-heads\/\" class=\"moretag\">Read More<\/a><\/p>\n","protected":false},"author":1,"featured_media":0,"parent":0,"menu_order":0,"comment_status":"closed","ping_status":"closed","template":"page-fullwidth.php","meta":{"footnotes":"","_links_to":"","_links_to_target":""},"class_list":["post-183","page","type-page","status-publish","hentry"],"_links":{"self":[{"href":"http:\/\/www.muza.unizg.hr\/english\/wp-json\/wp\/v2\/pages\/183","targetHints":{"allow":["GET"]}}],"collection":[{"href":"http:\/\/www.muza.unizg.hr\/english\/wp-json\/wp\/v2\/pages"}],"about":[{"href":"http:\/\/www.muza.unizg.hr\/english\/wp-json\/wp\/v2\/types\/page"}],"author":[{"embeddable":true,"href":"http:\/\/www.muza.unizg.hr\/english\/wp-json\/wp\/v2\/users\/1"}],"replies":[{"embeddable":true,"href":"http:\/\/www.muza.unizg.hr\/english\/wp-json\/wp\/v2\/comments?post=183"}],"version-history":[{"count":16,"href":"http:\/\/www.muza.unizg.hr\/english\/wp-json\/wp\/v2\/pages\/183\/revisions"}],"predecessor-version":[{"id":665,"href":"http:\/\/www.muza.unizg.hr\/english\/wp-json\/wp\/v2\/pages\/183\/revisions\/665"}],"wp:attachment":[{"href":"http:\/\/www.muza.unizg.hr\/english\/wp-json\/wp\/v2\/media?parent=183"}],"curies":[{"name":"wp","href":"https:\/\/api.w.org\/{rel}","templated":true}]}}