{"id":228,"date":"2016-09-26T18:33:48","date_gmt":"2016-09-26T18:33:48","guid":{"rendered":"http:\/\/www.muza.unizg.hr\/english\/?page_id=228"},"modified":"2026-01-22T07:22:32","modified_gmt":"2026-01-22T07:22:32","slug":"contact","status":"publish","type":"page","link":"http:\/\/www.muza.unizg.hr\/english\/contact\/","title":{"rendered":"Contact"},"content":{"rendered":"<p><strong>Teaching Departmetns \/ Heads of departments:<\/strong><\/p>\n<p><strong>Senior Staff &#8211; Managment<\/strong><\/p>\n<div class=\"leadership-wrapper\">\n<div class=\"leadership-meta clearfix\">\n<h1 class=\"leadership-function title-median\">PROF. SR\u0110AN FILIP \u010cALDAROVI\u0106<\/h1>\n<div class=\"leadership-position\"><\/div>\n<p><a href=\"&#x6d;&#97;&#x69;&#x6c;&#116;&#x6f;&#x3a;&#100;&#x65;&#x6b;&#97;&#x6e;&#x40;m&#x75;&#x7a;a&#x2e;&#104;r\">e-mail<\/a><\/p>\n<\/div>\n<\/div>\n<div class=\"leadership-wrapper\">\n<div class=\"leadership-meta clearfix\">\n<h1 class=\"leadership-function title-median\">PROF. IVANA KULJERI\u0106 <small>VICE DEAN FOR STUDENT AFFAIRS<\/small><\/h1>\n<div class=\"leadership-position\">office hours: WEDNESDAY <em>10:30-11:30 (office 421)<\/em><\/div>\n<p><a href=\"&#x6d;&#97;&#x69;&#x6c;&#116;&#x6f;&#x3a;&#112;&#x72;&#x6f;&#100;&#x65;&#x6b;a&#x6e;&#x2e;n&#x61;&#115;t&#x61;&#118;a&#x40;&#109;u&#x7a;&#97;&#46;&#x68;&#114;\">e-mail<\/a><\/p>\n<\/div>\n<\/div>\n<div class=\"leadership-wrapper\">\n<div class=\"leadership-meta clearfix\">\n<h1 class=\"leadership-function title-median\">assistant PROF. DANIJEL LEGIN <small>VICE DEAN FOR STUDY PROGRAMMES &amp; LIFELONG LEARNING<\/small><\/h1>\n<div class=\"leadership-position\">ECTS coordinator &#8211; office hours:\u00a0 WEDNESDAY <em>10:30-11:30<\/em> (office 423)<\/div>\n<p><a href=\"&#109;&#x61;i&#108;&#x74;o&#58;&#x70;r&#x6f;&#x64;&#101;&#x6b;a&#110;&#x2e;s&#116;&#x75;d&#x69;&#x6a;&#105;&#x40;&#x6d;&#117;&#x7a;a&#46;&#x68;r\">e-mail<\/a><\/p>\n<\/div>\n<\/div>\n<div class=\"leadership-wrapper\">\n<div class=\"leadership-meta clearfix\">\n<h1 class=\"leadership-function title-median\">PROF. RENATA PENEZI\u0106 <small>VICE DEAN FOR INTERNATIONAL &amp; INTER INSTITUTIONAL COOPERATION<\/small><\/h1>\n<div class=\"leadership-position\">office\u00a0423<\/div>\n<p><a href=\"&#x6d;&#x61;&#105;&#108;&#116;o&#x3a;&#x70;&#x72;&#111;&#100;ek&#x61;&#x6e;&#x2e;&#115;&#117;r&#x61;&#x64;&#x6e;&#106;&#97;&#64;m&#x75;&#x7a;&#x61;&#46;&#104;r\">e-mail<\/a><\/p>\n<\/div>\n<\/div>\n<div class=\"leadership-wrapper\">\n<div class=\"leadership-meta clearfix\">\n<h1 class=\"leadership-function title-median\">prof. an\u0111elko krpan <small>VICE DEAN FOR ART AND ADMINISTRATION<\/small><\/h1>\n<div class=\"leadership-position\">office 421<\/div>\n<p><a href=\"&#109;&#97;&#x69;l&#116;&#x6f;&#x3a;p&#114;&#x6f;&#x64;e&#107;&#x61;&#x6e;&#46;&#117;&#x6d;&#x6a;e&#116;&#x6e;&#x6f;s&#116;&#x40;m&#117;&#122;&#x61;&#46;&#104;&#x72;\">e-mail<\/a><\/p>\n<\/div>\n<\/div>\n<hr \/>\n<p><strong>Department heads:<\/strong><\/p>\n<p>&nbsp;<\/p>\n<table style=\"width: 692px;\">\n<tbody>\n<tr>\n<td style=\"width: 373px;\">Composition and Theory of Music Department<\/td>\n<td style=\"width: 319px;\"><a href=\"&#x6d;&#x61;&#x69;&#x6c;&#x74;&#111;&#58;&#97;&#107;nes&#x61;&#x75;&#x72;&#x65;&#x6b;&#x40;&#109;&#117;&#122;a&#46;u&#x6e;&#x69;&#x7a;&#x67;&#x2e;&#x68;&#114;\">prof.art. Ante Kne\u0161aurek<\/a><\/td>\n<\/tr>\n<tr>\n<td style=\"width: 373px;\">Musicology\u00a0Department<\/td>\n<td style=\"width: 319px;\"><a href=\"&#109;&#x61;i&#x6c;&#x74;&#111;&#x3a;j&#x76;&#x75;&#107;&#x6f;b&#x72;&#x61;&#116;&#x6f;v&#x69;&#x63;&#64;&#x6d;u&#x7a;&#x61;&#46;&#x75;n&#x69;&#x7a;&#103;&#x2e;h&#x72;\">doc. dr. sc. Jelka Vukobratovi\u0107<\/a><\/td>\n<\/tr>\n<tr>\n<td style=\"width: 373px;\">Conducting, Percussion and Harp\u00a0Department<\/td>\n<td style=\"width: 319px;\"><a href=\"&#x6d;&#x61;&#x69;&#x6c;&#x74;&#x6f;&#x3a;&#x74;&#x66;&#x61;&#x63;&#x69;&#x6e;&#x69;&#x40;&#x6d;&#x75;&#x7a;&#x61;&#x2e;&#x68;&#x72;\">prof.art. Tomislav Fa\u010dini<\/a><\/td>\n<\/tr>\n<tr>\n<td style=\"width: 373px;\">Voice\u00a0Department<\/td>\n<td style=\"width: 319px;\"><a href=\"&#109;&#x61;&#105;&#x6c;&#116;&#x6f;&#58;&#x68;&#111;&#x72;&#118;&#x61;&#116;&#x2d;&#100;&#x75;&#110;&#x6a;&#107;&#x6f;&#64;&#x6d;&#117;&#x7a;&#97;&#x2e;&#117;&#x6e;&#105;&#x7a;&#103;&#x2e;&#104;&#x72;\" data-uw-styling-context=\"true\">prof.art. Lidija Horvat Dunjko<\/a><\/td>\n<\/tr>\n<tr>\n<td style=\"width: 373px;\">Piano, Organ and Harpsichord\u00a0Department<\/td>\n<td style=\"width: 319px;\"><a href=\"&#109;&#x61;i&#x6c;&#x74;&#111;&#x3a;d&#116;&#x69;&#107;&#x76;i&#99;&#x61;&#64;&#x6d;u&#122;&#x61;&#46;&#x75;&#x6e;&#105;&#x7a;g&#46;&#x68;&#114;\" data-uw-styling-context=\"true\">prof.art. \u0110uro Tikvica<\/a><\/td>\n<\/tr>\n<tr>\n<td style=\"width: 373px;\">String Instruments and Guitar\u00a0Department<\/td>\n<td style=\"width: 319px;\"><a href=\"&#x6d;&#x61;&#x69;&#x6c;&#x74;&#x6f;&#x3a;&#x62;&#112;&#117;&#115;&#116;&#105;&#99;&#107;i&#64;mu&#x7a;&#x61;&#x2e;&#x68;&#x72;\">prof.art. Branimir Pusti\u010dki<\/a><\/td>\n<\/tr>\n<tr>\n<td style=\"width: 373px;\">Wind Instruments\u00a0Department<\/td>\n<td style=\"width: 319px;\"><a href=\"mailto&#58;&#109;&#115;&#105;&#110;&#99;&#101;&#x6b;&#x40;&#x6d;&#x75;&#x7a;&#x61;&#x2e;&#x75;&#x6e;&#x69;&#x7a;&#x67;&#46;hr\">izv.prof. Mario \u0160incek<\/a><\/td>\n<\/tr>\n<tr>\n<td style=\"width: 373px;\">Music Pedagogy\u00a0Department<\/td>\n<td style=\"width: 319px;\"><a href=\"&#109;&#x61;&#x69;l&#116;&#x6f;&#x3a;f&#112;&#x65;c&#97;&#x72;&#x69;c&#64;&#x6d;u&#122;&#x61;&#x2e;u&#110;&#x69;&#x7a;&#103;&#x2e;&#x68;r\">doc.art. Franjo Pe\u0107ari\u0107<\/a><\/td>\n<\/tr>\n<tr>\n<td style=\"width: 373px;\">Head of General Studies<\/td>\n<td style=\"width: 319px;\"><a href=\"&#x6d;&#x61;&#x69;&#x6c;&#x74;&#x6f;&#58;&#118;&#107;&#108;aric&#x40;&#x6d;&#x75;&#x7a;&#x61;&#x2e;&#117;&#110;&#105;&#122;&#103;&#46;hr\" data-uw-styling-context=\"true\">prof. Vesna Nicole Klari\u0107, vi\u0161i predava\u010d<\/a><\/td>\n<\/tr>\n<tr>\n<td style=\"width: 373px;\">Head of Postgraduate Studies<\/td>\n<td style=\"width: 319px;\"><a href=\"mailto:mzadr&#111;&#64;&#109;&#117;&#122;&#97;&#46;&#104;&#114;\">prof.art. Martina Zadro<\/a><\/td>\n<\/tr>\n<\/tbody>\n<\/table>\n<p><strong>Administrative departments \/ heads of departments<\/strong><\/p>\n<table style=\"width: 100%; height: 266px;\" width=\"852\">\n<tbody>\n<tr style=\"height: 44px;\">\n<td style=\"height: 44px; width: 50.938%;\" width=\"302\">Dean&#8217;s Office<\/td>\n<td style=\"height: 44px; width: 49.3506%;\" width=\"280\"><a href=\"&#x6d;&#x61;&#x69;&#x6c;&#x74;&#x6f;&#x3a;&#115;&#112;&#105;&#108;&#106;agic&#x40;&#x6d;&#x75;&#x7a;&#x61;&#x2e;&#x68;&#x72;\">Sanja Piljagi\u0107,<\/a>\u00a0personal assistant to the Dean<\/td>\n<\/tr>\n<tr style=\"height: 22px;\">\n<td style=\"height: 22px; width: 50.938%;\" width=\"302\">Office Supervisor<\/td>\n<td style=\"height: 22px; width: 49.3506%;\" width=\"280\"><a href=\"ma&#105;&#108;&#116;&#x6f;&#x3a;&#x64;&#x65;lv&#101;&#100;&#105;&#x40;&#x6d;&#x75;&#x7a;a&#46;&#104;&#114;\">Dejan Elve\u0111i,<\/a> dipl.iur.<\/td>\n<\/tr>\n<tr style=\"height: 44px;\">\n<td style=\"height: 44px; width: 50.938%;\" width=\"302\">Library<\/td>\n<td style=\"height: 44px; width: 49.3506%;\" width=\"280\"><a href=\"&#x6d;&#x61;&#x69;&#x6c;&#x74;&#x6f;&#58;&#122;&#101;&#108;jka&#64;&#x6d;&#x75;&#x7a;&#x61;&#x2e;&#x68;&#114;\">\u017deljka Radovinovi\u0107, PhD, <\/a>head librarian<\/td>\n<\/tr>\n<tr style=\"height: 46px;\">\n<td style=\"height: 46px; width: 50.938%;\" width=\"302\">International Cooperation Department<\/td>\n<td style=\"height: 46px; width: 49.3506%;\" width=\"280\"><a href=\"&#109;&#x61;&#105;&#x6c;&#116;&#x6f;&#58;&#x73;&#117;&#x72;&#97;&#x64;n&#x6a;a&#x40;m&#x75;z&#x61;&#46;&#x68;r\">Ema Proso \u0160epec<\/a><\/td>\n<\/tr>\n<tr style=\"height: 22px;\">\n<td style=\"height: 22px; width: 50.938%;\" width=\"302\">Production Office<\/td>\n<td style=\"height: 22px; width: 49.3506%;\" width=\"280\"><a href=\"ma&#105;&#108;&#116;&#111;&#x3a;&#x76;&#x72;&#x6f;&#x7a;ic&#64;&#109;&#117;&#122;&#x61;&#x2e;&#x68;&#x72;\">Vesna Ro\u017ei\u0107<\/a>, dipl.musicol.<\/td>\n<\/tr>\n<tr style=\"height: 44px;\">\n<td style=\"height: 44px; width: 50.938%;\" width=\"302\">Student Affairs Office<\/td>\n<td style=\"height: 44px; width: 49.3506%;\" width=\"280\"><a href=\"&#x6d;&#x61;&#x69;&#x6c;&#x74;&#x6f;&#x3a;&#x72;&#x65;&#x66;&#x65;&#x72;&#x61;&#x64;&#x61;&#x40;&#x6d;&#x75;&#x7a;&#x61;&#x2e;&#x68;&#x72;\">Renata Kova\u010di\u0107<\/a><\/td>\n<\/tr>\n<tr style=\"height: 22px;\">\n<td style=\"width: 50.938%; height: 22px;\">Vice Dean Office<\/td>\n<td style=\"width: 49.3506%; height: 22px;\"><a href=\"&#x6d;&#x61;&#105;&#108;to&#x3a;&#x69;&#x70;&#105;nt&#x61;&#x72;&#x40;&#109;&#117;z&#x61;&#x2e;&#x68;&#114;\">Ivana Pintar<\/a><\/td>\n<\/tr>\n<tr style=\"height: 22px;\">\n<td style=\"width: 50.938%; height: 22px;\">IT Support Office<\/td>\n<td style=\"width: 49.3506%; height: 22px;\"><a href=\"&#109;&#x61;&#105;&#x6c;&#116;&#x6f;&#58;&#x70;&#109;&#x69;&#116;&#x72;&#111;&#x76;&#105;&#x63;&#64;&#x6d;&#117;&#x7a;&#97;&#x2e;&#104;&#x72;\">Petra Mitrovi\u0107<\/a><\/td>\n<\/tr>\n<\/tbody>\n<\/table>\n","protected":false},"excerpt":{"rendered":"<p>Teaching Departmetns \/ Heads of departments: Senior Staff &#8211; Managment PROF. SR\u0110AN FILIP \u010cALDAROVI\u0106 e-mail PROF. IVANA KULJERI\u0106 VICE DEAN FOR STUDENT AFFAIRS office&#8230; &nbsp; <a href=\"http:\/\/www.muza.unizg.hr\/english\/contact\/\" class=\"moretag\">Read More<\/a><\/p>\n","protected":false},"author":1,"featured_media":0,"parent":0,"menu_order":0,"comment_status":"closed","ping_status":"closed","template":"page-fullwidth.php","meta":{"footnotes":"","_links_to":"","_links_to_target":""},"class_list":["post-228","page","type-page","status-publish","hentry"],"_links":{"self":[{"href":"http:\/\/www.muza.unizg.hr\/english\/wp-json\/wp\/v2\/pages\/228","targetHints":{"allow":["GET"]}}],"collection":[{"href":"http:\/\/www.muza.unizg.hr\/english\/wp-json\/wp\/v2\/pages"}],"about":[{"href":"http:\/\/www.muza.unizg.hr\/english\/wp-json\/wp\/v2\/types\/page"}],"author":[{"embeddable":true,"href":"http:\/\/www.muza.unizg.hr\/english\/wp-json\/wp\/v2\/users\/1"}],"replies":[{"embeddable":true,"href":"http:\/\/www.muza.unizg.hr\/english\/wp-json\/wp\/v2\/comments?post=228"}],"version-history":[{"count":20,"href":"http:\/\/www.muza.unizg.hr\/english\/wp-json\/wp\/v2\/pages\/228\/revisions"}],"predecessor-version":[{"id":656,"href":"http:\/\/www.muza.unizg.hr\/english\/wp-json\/wp\/v2\/pages\/228\/revisions\/656"}],"wp:attachment":[{"href":"http:\/\/www.muza.unizg.hr\/english\/wp-json\/wp\/v2\/media?parent=228"}],"curies":[{"name":"wp","href":"https:\/\/api.w.org\/{rel}","templated":true}]}}