{"id":242,"date":"2016-11-10T14:11:45","date_gmt":"2016-11-10T14:11:45","guid":{"rendered":"http:\/\/www.muza.unizg.hr\/english\/?page_id=242"},"modified":"2026-02-19T13:48:23","modified_gmt":"2026-02-19T13:48:23","slug":"enrollment","status":"publish","type":"page","link":"http:\/\/www.muza.unizg.hr\/english\/enrollment\/","title":{"rendered":"ENROLLMENT"},"content":{"rendered":"<div id=\"mainmiddle\">\n<div id=\"mainmiddle-expand\">\n<div id=\"content\">\n<div id=\"content-shift\">\n<div class=\"floatbox\">\n<div class=\"joomla \">\n<div class=\"article\">\n<div class=\"headline\">\n<div class=\"news-body\">\n<p><span style=\"color: #ff0000;\"><strong>Application deadline for enrollment into all\u00a0<\/strong><strong>University of Zagreb <\/strong><strong>Academy of Music study programs dor academic year 2026\/2027 is June 15<sup>th<\/sup> 2026<\/strong><\/span><\/p>\n<p><strong>PREREQUISITES<\/strong><\/p>\n<p>All candidates are required to:<\/p>\n<p>1. fill out the registration\/register for <em><strong>Additional knowledge, skills and abilities assessment exam<\/strong><\/em> via national portal <a href=\"http:\/\/www.postani-student.hr\">www.postani-student.hr<\/a>;<\/p>\n<p>2.\u00a0 fill out the Academy of Music entrance exam regestration form <a href=\"https:\/\/forms.gle\/4ZAuUzJMYnMMVTMe7%20till%2015.06.2026.ll\">https:\/\/forms.gle\/4ZAuUzJMYnMMVTMe7 <\/a>\u00a0until June 15th 2026 deadline<\/p>\n<p><em><strong>Additional knowledge, skills and abilities assessment exam<\/strong><\/em> will be held in the summer term <span style=\"color: #ff0000;\">from June 29<sup>th<\/sup> to July 02<sup>nd<\/sup> 2026 in accordance with the schedule published on June 26<sup>th<\/sup> 2026<\/span><\/p>\n<p><span style=\"color: #ff0000;\"><strong><u>Candidates who do not complete both steps of the application procedure by the specified deadline cannot take part in the assessment\/enterance exam (<em>Additional knowledge, skills and abilities assessment exam<\/em>)<\/u><\/strong><\/span><\/p>\n<\/div>\n<h1 class=\"title\"><a href=\"http:\/\/localhost\/index.php?option=com_content&amp;view=article&amp;id=84:admissions-office&amp;catid=43:admissions&amp;Itemid=296\">Admissions office<\/a><\/h1>\n<\/div>\n<p><b>General information on admissions to integrated bachelors and masters programmes<\/b> &#8211; 1st year of study:<br \/>\nTESTING OF SPECIFIC KNOWLEDGE, SKILLS AND COMPETENCES \u2013 differs from department to department* &#8211; includes the following:<\/p>\n<div>\n<table class=\"mceItemTable\" border=\"0\">\n<tbody>\n<tr valign=\"top\">\n<td width=\"15%\"><b>Composition<\/b><\/td>\n<td width=\"75%\">harmony, counterpoint, theory, solf\u00e8ge, piano (candidates should provide scores of their own compositions)<\/td>\n<\/tr>\n<tr valign=\"top\">\n<td><b>Composition and Music Theory<\/b><\/td>\n<td>harmony, counterpoint, theory, solf\u00e8ge, piano<\/td>\n<\/tr>\n<tr valign=\"top\">\n<td><b>Musicology<\/b><\/td>\n<td>music history, European history and civilization, foreign language, harmony, counterpoint, theory, solf\u00e8ge, piano (for the double-major programme, candidates must also pass the admissions examination for the second major at the Faculty of the Humanities and Social Sciences)<\/td>\n<\/tr>\n<tr valign=\"top\">\n<td><b>Conducting<\/b><\/td>\n<td>conducting, harmony, counterpoint, theory, solf\u00e8ge, relevant literature, piano, performance of scores and piano derivations<\/td>\n<\/tr>\n<tr valign=\"top\">\n<td><b>Voice<\/b><\/td>\n<td>voice, solf\u00e8ge, theory, piano<\/td>\n<\/tr>\n<tr valign=\"top\">\n<td><b>Instruments<\/b><\/td>\n<td>main instrument, solf\u00e8ge, theory<\/td>\n<\/tr>\n<tr valign=\"top\">\n<td><b>Music Pedagogy<\/b><\/td>\n<td>piece of writing, harmony, theory, solf\u00e8ge, piano (for the double-major programme, candidates must also pass the admissions examination for the second major at the Faculty of the Humanities and Social Sciences)<\/td>\n<\/tr>\n<\/tbody>\n<\/table>\n<\/div>\n<p>The maximum amount of points in the admissions procedure is 1000.<br \/>\nThe admissions examination can account for a maximum of 900 points, with the minimum threshold for admissions being 550 points.<br \/>\nHigh-school achievement can account for a maximum of 100 points. Candidates without high-school education can be admitted to the study programme in exceptional circumstances.<\/p>\n<hr \/>\n<p style=\"text-align: justify;\"><strong>APPLICATION PROCEDURE &#8211; FIRST YEAR OF STUDIES<br \/>\n<\/strong><\/p>\n<p style=\"text-align: justify;\"><strong>1. Registration in the <a href=\"http:\/\/www.postani-student.hr\">www.postani-student.hr<\/a> system as a Candidate who completed secondary education outside the Republic of Croatia (<em>Zavr\u0161io sam srednje obrazovanje izvan RH i \u017eelim se registrirati<\/em>) is <span style=\"color: #ff6600;\">MANDATORY<\/span>.<\/strong> In case of problems with logging into the system, you should contact the Central Application Office (Sredi\u0161nji prijavni ured) at 00385 1 62 74 844 or e-address <a href=\"mailto:spu&#64;a&#122;&#118;&#111;&#46;&#104;&#114;\">&#115;&#x70;&#x75;&#64;&#x61;&#x7a;&#118;&#x6f;&#x2e;&#104;&#x72;<\/a><\/p>\n<\/div>\n<\/div>\n<\/div>\n<\/div>\n<\/div>\n<\/div>\n<p style=\"text-align: justify;\">&#8211; in addition to registering in the system, it is necessary to send the necessary documentation to the Agency for Science and Higher Education (see <a href=\"http:\/\/www.studij.hr\">www.studij.hr<\/a> &#8211; All about applications &#8211; I graduated high school abroad. &#8211; Documents &#8211; Documentation for candidates applying only for study programs). The documentation must be sent no later than June 16th<\/p>\n<p style=\"text-align: justify;\">&#8211; mandatory application for the procedure of additional knowledge, skills and abilities at the Academy of Music by sending:<\/p>\n<p style=\"text-align: justify; padding-left: 40px;\"><a href=\"http:\/\/www.muza.unizg.hr\/english\/wp-content\/uploads\/2023\/11\/prijava-upis-1.g-eng.doc\">a) Application form for the verification procedure\/exam<\/a><\/p>\n<p style=\"text-align: justify; padding-left: 40px;\">b) confirmation of payment of the costs of the verification procedure in the amount of 40 euro to the IBAN HR50 23400091100159167 (purpose of payment &#8220;costs of the verification procedure&#8221;) The form and confirmation of payment must be sent to the e-mail address upi&#115;&#105;&#64;&#109;&#x75;&#x7a;&#x61;&#x2e;&#x68;&#x72; by June 16th &#8211; until 12 o&#8217;clock (noon \/ midday).<\/p>\n<p style=\"text-align: justify;\">Candidates who did not register on time in the <a href=\"http:\/\/www.postani-student.hr\">www.postani-student.hr<\/a> system or send an application to the student service will not be able to access the verification process.<\/p>\n<p style=\"text-align: justify;\">&#8211; A candidate who has completed secondary education outside the Republic of Croatia is obliged to start the process of recognition of foreign educational qualifications led by the Agency for Science and Higher Education. See more about it at www.studij.hr &#8211; All about applications \u2013 Applications for undergraduate study programs &#8211; Recognition of foreign high school qualifications (<a href=\"https:\/\/www.studij.hr\/public\/resources\/obrasci\/Zahtjev_za_priznavanje.pdf\">fill out the Application for recognition<\/a> of foreign qualification (school diplomas)\u00a0 and attach the necessary documentation).<\/p>\n<\/div>\n<div id=\"mainmiddle\">\n<div id=\"mainmiddle-expand\">\n<div id=\"content\">\n<div id=\"content-shift\">\n<div class=\"floatbox\">\n<div class=\"joomla \">\n<div class=\"article\">\n<p><b>2. All candidates also<a href=\"http:\/\/www.muza.unizg.hr\/english\/wp-content\/uploads\/2023\/11\/prijava-upis-1.g-eng.doc\"><span style=\"color: #ff6600;\"> must fill in the application form and deliver it to the Music Academy Admissions Office<\/span><\/a> (referada) either personally or via email (&#114;&#x65;&#102;&#x65;&#114;&#x61;&#100;&#x61;&#64;&#x6d;u&#x7a;a&#x2e;h&#114;) \/ fax (+385 1 4872 380)<br \/>\n<\/b><\/p>\n<\/div>\n<hr \/>\n<p><strong>IMPORTANT DATES:<\/strong><\/p>\n<div class=\"article\">\n<p><strong>I. admissions period \u2013 summer :<\/strong><br \/>\nDeadline for applications: June 16th<br \/>\nTesting of specific knowledge, skills and competences: June 30th- July 3rd<br \/>\n1st year enrollment: July 17th-18th (subject to change)<\/p>\n<p><strong>II. admissions period \u2013 autumn:<\/strong><br \/>\nDeadline for applications: August 25h<br \/>\nTesting of specific knowledge, skills and competences: September 1st &#8211; 3rd<br \/>\n1st year enrollment: September 18th<\/p>\n<p>&nbsp;<\/p>\n<p><a href=\"http:\/\/www.muza.unizg.hr\/english\/wp-content\/uploads\/2023\/11\/prijava-upis-1.g-eng.doc\">APPLICATION FORM FOR THE ADMISSIONS EXAM &#8211; FIRST YEAR OF STUDIES<\/a><\/p>\n<hr \/>\n<\/div>\n<\/div>\n<p><a href=\"http:\/\/www.muza.unizg.hr\/english\/wp-content\/uploads\/2023\/11\/prijava-upis-usav.engleski.doc\">APPLICATION FORM FOR ENROLLMENT INTO 2 YEAR SPECIALIST POSTGRADUATE PROGRAMME FOR INSTRUMENTALISTS AND VOICE (please contact the student office for details about tuition fees and terms of study before filling in the form)<\/a><\/p>\n<hr \/>\n<div class=\"joomla \">\n<div class=\"article\">\n<p><b>Contact person:<\/b><br \/>\nRenata Kova\u010di\u0107, Trg Republike Hrvatske 12, 10000 Zagreb, tel: 01\/ 4810-200\/106, E-mail: <a><b>&#x72;&#x65;&#x66;&#x65;&#x72;&#x61;&#x64;&#x61;&#x40;&#x6d;&#x75;&#x7a;&#x61;&#x2e;&#104;&#114;<\/b><\/a><\/p>\n<p>* Requirements for specific knowledge, skills and competences for admission to undergraduate programmes are available at the Academy&#8217;s Student Services and website www.muza.unizg.hr . They also include examples of questions from previous years.<\/p>\n<p>BANK ACCOUNT:<\/p>\n<p>MUZI\u010cKA AKADEMIJA SVEU\u010cILI\u0160TA U ZAGREBU, 10000 ZAGREB, Trg Republike Hrvatske 12, HRVATSKA<\/p>\n<p>BANK: PRIVREDNA BANKA ZAGREB, Ra\u010dkoga 6<\/p>\n<p>SWIFT CODE (BIC): PBZGHR2X\u00a0 |\u00a0 IBAN: HR50 23400091100159167<\/p>\n<\/div>\n<\/div>\n<\/div>\n<\/div>\n<\/div>\n<\/div>\n<\/div>\n","protected":false},"excerpt":{"rendered":"<p>Application deadline for enrollment into all\u00a0University of Zagreb Academy of Music study programs dor academic year 2026\/2027 is June 15th 2026 PREREQUISITES All candidates&#8230; &nbsp; <a href=\"http:\/\/www.muza.unizg.hr\/english\/enrollment\/\" class=\"moretag\">Read More<\/a><\/p>\n","protected":false},"author":1,"featured_media":0,"parent":0,"menu_order":0,"comment_status":"closed","ping_status":"closed","template":"page-fullwidth.php","meta":{"footnotes":"","_links_to":"","_links_to_target":""},"class_list":["post-242","page","type-page","status-publish","hentry"],"_links":{"self":[{"href":"http:\/\/www.muza.unizg.hr\/english\/wp-json\/wp\/v2\/pages\/242","targetHints":{"allow":["GET"]}}],"collection":[{"href":"http:\/\/www.muza.unizg.hr\/english\/wp-json\/wp\/v2\/pages"}],"about":[{"href":"http:\/\/www.muza.unizg.hr\/english\/wp-json\/wp\/v2\/types\/page"}],"author":[{"embeddable":true,"href":"http:\/\/www.muza.unizg.hr\/english\/wp-json\/wp\/v2\/users\/1"}],"replies":[{"embeddable":true,"href":"http:\/\/www.muza.unizg.hr\/english\/wp-json\/wp\/v2\/comments?post=242"}],"version-history":[{"count":32,"href":"http:\/\/www.muza.unizg.hr\/english\/wp-json\/wp\/v2\/pages\/242\/revisions"}],"predecessor-version":[{"id":671,"href":"http:\/\/www.muza.unizg.hr\/english\/wp-json\/wp\/v2\/pages\/242\/revisions\/671"}],"wp:attachment":[{"href":"http:\/\/www.muza.unizg.hr\/english\/wp-json\/wp\/v2\/media?parent=242"}],"curies":[{"name":"wp","href":"https:\/\/api.w.org\/{rel}","templated":true}]}}