{"id":18,"date":"2023-05-18T11:07:17","date_gmt":"2023-05-18T09:07:17","guid":{"rendered":"http:\/\/www.muza.unizg.hr\/psymu2024\/?page_id=18"},"modified":"2024-10-10T09:18:30","modified_gmt":"2024-10-10T07:18:30","slug":"registration","status":"publish","type":"page","link":"http:\/\/www.muza.unizg.hr\/psymu2024\/registration\/","title":{"rendered":"REGISTRATION"},"content":{"rendered":"<h3>Registration instructions:<\/h3>\n<h3 style=\"font-weight: 400;\"><strong>PRESENTERS &#8211; ACTIVE PARTICIPATION<\/strong><\/h3>\n<ul>\n<li><strong>Active participants (presenters)<\/strong> whose abstracts have been <strong>accepted for presentation<\/strong> at the conference should <strong>register <\/strong>at <strong><a href=\"https:\/\/pam-ie2024-registration.spektar-travel.com\/eng-registration.php\">https:\/\/pam-ie2024-registration.spektar-travel.com\/eng-registration.php<\/a><\/strong>\u00a0to be included in the programme. The registration fee for presenters is the same regardless of the means of presentation (on-site or online).<\/li>\n<li><strong>Early registration<\/strong> starts on <strong>1 May 2024<\/strong> and ends on <strong>1 July 2024<\/strong>. Please note that a higher registration fee will apply after 1 July 2024.<\/li>\n<li><strong>Presenters<\/strong> should register and pay their registration fee <strong>by 15 September 2024<\/strong> at the latest.<\/li>\n<li>In case of <strong>multiple authorships<\/strong>,\u00a0the <strong>presenter\u00a0<\/strong>should pay the <strong>full registration fee <\/strong>for active participants (rates below) regardless of the means of presentation (on-site or online). If <strong>co-authors<\/strong> wish to attend the conference <strong>on-site<\/strong> and receive conference materials and the certificate of attendance, they should <strong>register <\/strong>and pay the registration fee as<strong>\u00a0passive participants<\/strong>.<\/li>\n<li><strong>Payment options<\/strong>: bank transfer, credit card online and credit card offline.<\/li>\n<\/ul>\n<h3>Registration fees for <strong>active participants<\/strong>:<\/h3>\n<table style=\"font-weight: 400; height: 403px;\" width=\"832\">\n<tbody>\n<tr>\n<td width=\"189\"><\/td>\n<td width=\"170\">\n<p style=\"text-align: center;\"><strong>Early<br \/>\n<\/strong>(1 May \u2013 1 July 2024)<\/p>\n<\/td>\n<td style=\"text-align: center;\" width=\"227\"><strong>Late<br \/>\n<\/strong>(2 July \u2013 15 September 2024)<\/td>\n<\/tr>\n<tr>\n<td width=\"189\"><strong>Regular fee<\/strong><\/td>\n<td width=\"170\">\n<p style=\"text-align: center;\"><strong>120<\/strong> EUR<\/p>\n<\/td>\n<td width=\"227\">\n<p style=\"text-align: center;\"><strong>150<\/strong> EUR<\/p>\n<\/td>\n<\/tr>\n<tr>\n<td width=\"189\"><strong>Lower-income countries*<\/strong><\/td>\n<td width=\"170\">\n<p style=\"text-align: center;\"><strong>90<\/strong> EUR<\/p>\n<\/td>\n<td width=\"227\">\n<p style=\"text-align: center;\"><strong>120<\/strong> EUR<\/p>\n<\/td>\n<\/tr>\n<tr>\n<td style=\"text-align: left;\" width=\"189\"><strong>Students**<\/strong><\/td>\n<td style=\"text-align: center;\" width=\"170\"><strong>70<\/strong> EUR<\/td>\n<td width=\"227\">\n<p style=\"text-align: center;\"><strong>90<\/strong> EUR<\/p>\n<\/td>\n<\/tr>\n<\/tbody>\n<\/table>\n<p style=\"font-weight: 400;\">*Lower-income countries: All countries listed in the <a href=\"https:\/\/www.oecd.org\/en\/topics\/sub-issues\/oda-eligibility-and-conditions\/dac-list-of-oda-recipients.html\">DAC list of ODA recipients<\/a>.<br \/>\n**Students should send a confirmation of enrollment issued by their higher education institution to petra@spektar-holidays.hr prior to registration.<\/p>\n<h4 style=\"font-weight: 400;\"><strong><br \/>\nATTENDANCE &#8211; PASSIVE PARTICIPATION<\/strong><\/h4>\n<p style=\"font-weight: 400;\"><strong>Regular<\/strong> (on-site, with conference materials &amp; certificate of attendance):<strong> 65 EUR;\u00a0<\/strong>registration for passive participants is open until 20 October 2024 at <strong><a href=\"https:\/\/pam-ie2024-registration.spektar-travel.com\/eng-registration.php\">https:\/\/pam-ie2024-registration.spektar-travel.com\/eng-registration.php<\/a><\/strong>.<br \/>\n<strong style=\"background-color: var(--wp--preset--color--white); color: var(--wp--preset--color--foreground); font-family: var(--font-base, 'Source Sans Pro', Arial, sans-serif);\">Payment options<\/strong><span style=\"background-color: var(--wp--preset--color--white); color: var(--wp--preset--color--foreground); font-family: var(--font-base, 'Source Sans Pro', Arial, sans-serif);\">: <\/span>bank transfer<span style=\"background-color: var(--wp--preset--color--white); color: var(--wp--preset--color--foreground); font-family: var(--font-base, 'Source Sans Pro', Arial, sans-serif);\">, <\/span>credit card online and credit card offline<span style=\"background-color: var(--wp--preset--color--white); color: var(--wp--preset--color--foreground); font-family: var(--font-base, 'Source Sans Pro', Arial, sans-serif);\">.<\/span><\/p>\n<p style=\"font-weight: 400;\"><strong>Attendance on-site without conference materials &amp; without a certificate of attendance \/ online attendance<\/strong> (no certificate of attendance available): free<\/p>\n<p><strong>U\u010ditelji i nastavnici iz RH<\/strong> registrirani za konferenciju mogu se prijaviti na portalu <strong>ettaedu.hr<\/strong> (bez registracije preko na\u0161e stranice) te po poha\u0111anju skupa dobiti potvrdu o stru\u010dnom usavr\u0161avanju AZOO-a. Potvrde \u0107e se izdavati prema potpisnim listama. Prijavljeni preko portala ettaedu.hr ne pla\u0107aju kotizaciju, a broj je takvih mjesta ograni\u010den.<\/p>\n<p>***<\/p>\n<p><strong>Questions: <\/strong>In case of any difficulties with the online registration or payment, please contact <a href=\"mailto:petra@spektar-holidays.hr\">petra@spektar-holidays.hr<\/a>.<br \/>\n<strong>Payment, cancellation, and personal data protection: <\/strong><a href=\"https:\/\/pam-ie2024-registration.spektar-travel.com\/eng-cancellation-conditions.php\">https:\/\/pam-ie2024-registration.spektar-travel.com\/eng-cancellation-conditions.php<\/a><\/p>\n","protected":false},"excerpt":{"rendered":"<p>Registration instructions: PRESENTERS &#8211; ACTIVE PARTICIPATION Active participants (presenters) whose abstracts have been accepted for presentation at the conference should register at https:\/\/pam-ie2024-registration.spektar-travel.com\/eng-registration.php\u00a0to be included in the programme. The registration fee for presenters is the same regardless of the means of presentation (on-site or online). Early registration starts on 1 May 2024 and ends on<a class=\"more-link\" href=\"http:\/\/www.muza.unizg.hr\/psymu2024\/registration\/\">Continue reading <span class=\"screen-reader-text\">&#8220;REGISTRATION&#8221;<\/span><\/a><\/p>\n","protected":false},"author":1,"featured_media":0,"parent":0,"menu_order":0,"comment_status":"closed","ping_status":"closed","template":"","meta":{"footnotes":"","_links_to":"","_links_to_target":""},"class_list":["post-18","page","type-page","status-publish","hentry","entry"],"_links":{"self":[{"href":"http:\/\/www.muza.unizg.hr\/psymu2024\/wp-json\/wp\/v2\/pages\/18","targetHints":{"allow":["GET"]}}],"collection":[{"href":"http:\/\/www.muza.unizg.hr\/psymu2024\/wp-json\/wp\/v2\/pages"}],"about":[{"href":"http:\/\/www.muza.unizg.hr\/psymu2024\/wp-json\/wp\/v2\/types\/page"}],"author":[{"embeddable":true,"href":"http:\/\/www.muza.unizg.hr\/psymu2024\/wp-json\/wp\/v2\/users\/1"}],"replies":[{"embeddable":true,"href":"http:\/\/www.muza.unizg.hr\/psymu2024\/wp-json\/wp\/v2\/comments?post=18"}],"version-history":[{"count":40,"href":"http:\/\/www.muza.unizg.hr\/psymu2024\/wp-json\/wp\/v2\/pages\/18\/revisions"}],"predecessor-version":[{"id":748,"href":"http:\/\/www.muza.unizg.hr\/psymu2024\/wp-json\/wp\/v2\/pages\/18\/revisions\/748"}],"wp:attachment":[{"href":"http:\/\/www.muza.unizg.hr\/psymu2024\/wp-json\/wp\/v2\/media?parent=18"}],"curies":[{"name":"wp","href":"https:\/\/api.w.org\/{rel}","templated":true}]}}