{"id":38,"date":"2023-05-18T11:10:06","date_gmt":"2023-05-18T09:10:06","guid":{"rendered":"http:\/\/www.muza.unizg.hr\/psymu2024\/?page_id=38"},"modified":"2024-10-13T21:42:54","modified_gmt":"2024-10-13T19:42:54","slug":"workshops-social-events","status":"publish","type":"page","link":"http:\/\/www.muza.unizg.hr\/psymu2024\/workshops-social-events\/","title":{"rendered":"WORKSHOPS &#038; SOCIAL EVENTS"},"content":{"rendered":"<p><span style=\"color: #000000;\">Active participation in workshops and social events requires application (see below). Only registered on-site participants (presenters, co-authors and passive participants) can participate actively. <strong>All application forms will remain open until the maximum number of participants is reached.<\/strong><\/span><\/p>\n<h2><span style=\"color: #000000;\"><strong>Workshops <\/strong>(on-site &#8211; Academy of Music)<\/span><\/h2>\n<h3><span style=\"color: #000000;\">Wednesday, 23 October 2024<\/span><\/h3>\n<p><span style=\"color: #000000;\">All workshops require signup via Google Forms (see below). Only registered participants (presenters, co-authors and passive participants) can participate actively in the workshops. Workshops are described within Google Forms. Application forms will be open until the maximum number of participants is reached.<\/span><\/p>\n<h6><span style=\"color: #000000;\"><strong>9:30 &#8211; 10:30 h<\/strong><\/span><\/h6>\n<ol>\n<li><span style=\"color: #000000;\">Jovi\u0107evi\u0107, J.: <em>Improvisation in Music \u2013 Polygon for Artistic Creation and\/or a Well-being Lab <\/em>&#8211; applications: <a style=\"color: #000000;\" href=\"https:\/\/forms.gle\/QckRdZVAGR65bgAB6\">https:\/\/forms.gle\/QckRdZVAGR65bgAB6<\/a><\/span><\/li>\n<li><span style=\"color: #000000;\">Sarapa, S., &amp; Buri\u0107, K.: <em>Orff Schulwerk Workshop: Learning Through Personal Experience &#8211; <\/em>applications: <a style=\"color: #000000;\" href=\"https:\/\/forms.gle\/UdBatY8pcc3hvsAW7\">https:\/\/forms.gle\/UdBatY8pcc3hvsAW7<\/a><\/span><\/li>\n<\/ol>\n<h6><span style=\"color: #000000;\"><strong>11 &#8211; 12:30 h<\/strong><\/span><\/h6>\n<ol>\n<li><span style=\"color: #000000;\">Vukovi\u0107, J., &amp; Miljkovi\u0107-\u0110uzel, M.: <em>\u201cLet your body teach you how to play piano\u201d &#8211; <\/em>applications: <a style=\"color: #000000;\" href=\"https:\/\/forms.gle\/KWTi4VChMSytsidM7\">https:\/\/forms.gle\/KWTi4VChMSytsidM7<\/a><\/span><\/li>\n<li><span style=\"color: #000000;\">Ockrant, C.: <em>Feeling safe vs Being Safe; Transforming performance anxiety by understanding our bodies through PolyVagal Theory <\/em>&#8211; applications: <a style=\"color: #000000;\" href=\"https:\/\/forms.gle\/zbBtSH9feTeGx29Q6\">https:\/\/forms.gle\/zbBtSH9feTeGx29Q6<\/a><\/span><\/li>\n<\/ol>\n<h6><span style=\"color: #000000;\"><strong>14 &#8211; 15:30 h<\/strong><\/span><\/h6>\n<ol>\n<li><span style=\"color: #000000;\">Y\u00e1\u00f1ez Villahermosa, J.: <em>From motion to emotion: Using improvisational theatre as a tool for enhancing musicians\u2019 expressive skills <\/em>&#8211; applications: <a style=\"color: #000000;\" href=\"https:\/\/forms.gle\/Yhtxg8aPU43mME767\">https:\/\/forms.gle\/Yhtxg8aPU43mME767<\/a><\/span><\/li>\n<li><span style=\"color: #000000;\">Stach\u00f3, L.: <em>Keeping time <\/em>&#8211; applications: <a style=\"color: #000000;\" href=\"https:\/\/forms.gle\/BLXvp82DNQBf3ggz5\">https:\/\/forms.gle\/BLXvp82DNQBf3ggz5<\/a><\/span><\/li>\n<li><span style=\"color: #000000;\">Wilz, G., &amp; Sch\u00f6n, L.: <em>How to use individualized music listening for people with dementia living in institutional or home care settings &#8211;\u00a0<\/em>applications: <a style=\"color: #000000;\" href=\"https:\/\/forms.gle\/nHdDzD9iBkfMBmrG6\">https:\/\/forms.gle\/nHdDzD9iBkfMBmrG6<\/a><\/span><\/li>\n<\/ol>\n<hr \/>\n<h2><span style=\"color: #000000;\"><strong>Musical walk through Zagreb<\/strong><\/span><\/h2>\n<h3><span style=\"color: #000000;\">Thursday, 24 October 2024, 18-20 h<\/span><\/h3>\n<p><span style=\"color: #000000;\">The series of seven city gardens, known as the Green Horseshoe, is not only the most beautiful part of the Lower Town but also a treasure trove of information about the musical life of Zagreb from the end of the 19th century to the present day. From Zrinjevac, past the Central Railway Station and the Botanical Garden to Trg Republike Hrvatske, there are palaces and public buildings of exceptional importance for the musical life of Zagreb. During the walk, we discover traces of diverse &#8211; not only artistic &#8211; music in these beautiful gardens and find out, for example, where Zagreb&#8217;s oldest sheet music and most valuable musical instruments are kept. The grand finale of the walk is on the &#8220;most cultural&#8221; square in Zagreb, whose history and present abound with music.<\/span><\/p>\n<p><span style=\"color: #000000;\">The walk is guided by musicologist Dr Nada Bezi\u0107, Head of the Library and Archives of the Croatian Music Institute and associate lecturer at the University of Zagreb Academy of Music. Participation is free of charge.<\/span><\/p>\n<p><span style=\"color: #000000;\">More info and applications (by <strong>20 October 2024 <\/strong>or until the maximum number of participants is reached): <a style=\"font-size: 1em; font-family: var(--font-base, 'Source Sans Pro', Arial, sans-serif); color: #000000;\" href=\"https:\/\/forms.gle\/Ph6U2vnDQFzS5Cut6\">https:\/\/forms.gle\/Ph6U2vnDQFzS5Cut6<\/a><\/span><\/p>\n<hr \/>\n<h2><span style=\"color: #000000;\"><strong>Conference dinner<\/strong><\/span><\/h2>\n<h3><span style=\"color: #000000;\">Friday, 25 October 2024, 19:30 h, Pivana<\/span><\/h3>\n<p><span style=\"color: #000000;\">Back in 1892, the pub <em>K pivovari <\/em>(<em>At the Brewery<\/em>), known today as <em>Pivana <\/em>(<em>Beerhouse<\/em>), was opened in the middle of Zagreb&#8217;s main street, at Ilica 222. It is a place of good beer and local food, a gathering place that combines beer culture, education and entertainment. The place is well-connected by public transport, near the Friday conference venue: <a style=\"color: #000000;\" href=\"https:\/\/maps.app.goo.gl\/N7fMzD4NGwc2pLVp9\">https:\/\/maps.app.goo.gl\/N7fMzD4NGwc2pLVp9<\/a>.<\/span><\/p>\n<p><span style=\"color: #000000;\">The price of the conference dinner is 55 EUR (including various beerhouse specialities and unlimited free drinks). If need be, the menu can be adjusted to special dietary requirements.<\/span><\/p>\n<p><span style=\"color: #000000;\">Application form &#8211; please fill by <strong>15 October 2024<\/strong>: <a style=\"color: #000000;\" href=\"https:\/\/forms.gle\/WfVWWqLHnLCrdKY36\">https:\/\/forms.gle\/WfVWWqLHnLCrdKY36<\/a><\/span><\/p>\n","protected":false},"excerpt":{"rendered":"<p>Active participation in workshops and social events requires application (see below). Only registered on-site participants (presenters, co-authors and passive participants) can participate actively. All application forms will remain open until the maximum number of participants is reached. Workshops (on-site &#8211; Academy of Music) Wednesday, 23 October 2024 All workshops require signup via Google Forms (see<a class=\"more-link\" href=\"http:\/\/www.muza.unizg.hr\/psymu2024\/workshops-social-events\/\">Continue reading <span class=\"screen-reader-text\">&#8220;WORKSHOPS &#038; SOCIAL EVENTS&#8221;<\/span><\/a><\/p>\n","protected":false},"author":1,"featured_media":0,"parent":0,"menu_order":0,"comment_status":"closed","ping_status":"closed","template":"","meta":{"footnotes":"","_links_to":"","_links_to_target":""},"class_list":["post-38","page","type-page","status-publish","hentry","entry"],"_links":{"self":[{"href":"http:\/\/www.muza.unizg.hr\/psymu2024\/wp-json\/wp\/v2\/pages\/38","targetHints":{"allow":["GET"]}}],"collection":[{"href":"http:\/\/www.muza.unizg.hr\/psymu2024\/wp-json\/wp\/v2\/pages"}],"about":[{"href":"http:\/\/www.muza.unizg.hr\/psymu2024\/wp-json\/wp\/v2\/types\/page"}],"author":[{"embeddable":true,"href":"http:\/\/www.muza.unizg.hr\/psymu2024\/wp-json\/wp\/v2\/users\/1"}],"replies":[{"embeddable":true,"href":"http:\/\/www.muza.unizg.hr\/psymu2024\/wp-json\/wp\/v2\/comments?post=38"}],"version-history":[{"count":44,"href":"http:\/\/www.muza.unizg.hr\/psymu2024\/wp-json\/wp\/v2\/pages\/38\/revisions"}],"predecessor-version":[{"id":756,"href":"http:\/\/www.muza.unizg.hr\/psymu2024\/wp-json\/wp\/v2\/pages\/38\/revisions\/756"}],"wp:attachment":[{"href":"http:\/\/www.muza.unizg.hr\/psymu2024\/wp-json\/wp\/v2\/media?parent=38"}],"curies":[{"name":"wp","href":"https:\/\/api.w.org\/{rel}","templated":true}]}}