{"id":46,"date":"2023-05-18T11:10:40","date_gmt":"2023-05-18T09:10:40","guid":{"rendered":"http:\/\/www.muza.unizg.hr\/psymu2024\/?page_id=46"},"modified":"2024-01-17T21:11:25","modified_gmt":"2024-01-17T20:11:25","slug":"contact","status":"publish","type":"page","link":"http:\/\/www.muza.unizg.hr\/psymu2024\/contact\/","title":{"rendered":"CONTACT"},"content":{"rendered":"<h3 style=\"text-align: center;\">Conference email:<\/h3>\n<p style=\"text-align: center;\"><a href=\"mailto:psymu2024@muza.hr\"><strong>psymu2024@muza.hr<\/strong><\/a><\/p>\n<p>&nbsp;<\/p>\n<h4 style=\"text-align: center;\">Heads of the Programme &amp; Organising Committees<\/h4>\n<p style=\"text-align: center;\"><strong>Sanja Ki\u0161 \u017duvela<\/strong>, University of Zagreb Academy of Music, Department of Musicology, <a href=\"mailto:skiszuvela@muza.unizg.hr\">skiszuvela@muza.unizg.hr<\/a><br \/>\n<strong>Ana Butkovi\u0107<\/strong>, University of Zagreb Faculty of Humanities and Social Sciences, Department of Psychology, <a href=\"mailto:abutkovic@ffzg.unizg.hr\">abutkovic@ffzg.unizg.hr<\/a><\/p>\n","protected":false},"excerpt":{"rendered":"<p>Conference email: psymu2024@muza.hr &nbsp; Heads of the Programme &amp; Organising Committees Sanja Ki\u0161 \u017duvela, University of Zagreb Academy of Music, Department of Musicology, skiszuvela@muza.unizg.hr Ana Butkovi\u0107, University of Zagreb Faculty of Humanities and Social Sciences, Department of Psychology, abutkovic@ffzg.unizg.hr<\/p>\n","protected":false},"author":1,"featured_media":0,"parent":0,"menu_order":0,"comment_status":"closed","ping_status":"closed","template":"","meta":{"footnotes":"","_links_to":"","_links_to_target":""},"class_list":["post-46","page","type-page","status-publish","hentry","entry"],"_links":{"self":[{"href":"http:\/\/www.muza.unizg.hr\/psymu2024\/wp-json\/wp\/v2\/pages\/46","targetHints":{"allow":["GET"]}}],"collection":[{"href":"http:\/\/www.muza.unizg.hr\/psymu2024\/wp-json\/wp\/v2\/pages"}],"about":[{"href":"http:\/\/www.muza.unizg.hr\/psymu2024\/wp-json\/wp\/v2\/types\/page"}],"author":[{"embeddable":true,"href":"http:\/\/www.muza.unizg.hr\/psymu2024\/wp-json\/wp\/v2\/users\/1"}],"replies":[{"embeddable":true,"href":"http:\/\/www.muza.unizg.hr\/psymu2024\/wp-json\/wp\/v2\/comments?post=46"}],"version-history":[{"count":8,"href":"http:\/\/www.muza.unizg.hr\/psymu2024\/wp-json\/wp\/v2\/pages\/46\/revisions"}],"predecessor-version":[{"id":476,"href":"http:\/\/www.muza.unizg.hr\/psymu2024\/wp-json\/wp\/v2\/pages\/46\/revisions\/476"}],"wp:attachment":[{"href":"http:\/\/www.muza.unizg.hr\/psymu2024\/wp-json\/wp\/v2\/media?parent=46"}],"curies":[{"name":"wp","href":"https:\/\/api.w.org\/{rel}","templated":true}]}}